{"id":14204,"date":"2025-06-11T07:16:26","date_gmt":"2025-06-11T07:16:26","guid":{"rendered":"https:\/\/mejo.shop\/?page_id=14204"},"modified":"2025-12-18T10:59:21","modified_gmt":"2025-12-18T10:59:21","slug":"agb","status":"publish","type":"page","link":"https:\/\/mejo.shop\/nl\/agb\/","title":{"rendered":"Algemene voorwaarden"},"content":{"rendered":"<div data-elementor-type=\"wp-page\" data-elementor-id=\"14204\" class=\"elementor elementor-14204\" data-elementor-post-type=\"page\">\n\t\t\t\t<div class=\"elementor-element elementor-element-91f11d9 e-flex e-con-boxed e-con e-parent\" data-id=\"91f11d9\" data-element_type=\"container\" data-e-type=\"container\">\n\t\t\t\t\t<div class=\"e-con-inner\">\n\t\t<div class=\"elementor-element elementor-element-3614e5f e-con-full e-flex e-con e-child\" data-id=\"3614e5f\" data-element_type=\"container\" data-e-type=\"container\">\n\t\t\t\t<div class=\"elementor-element elementor-element-189aa95 elementor-widget elementor-widget-heading\" data-id=\"189aa95\" data-element_type=\"widget\" data-e-type=\"widget\" data-widget_type=\"heading.default\">\n\t\t\t\t<div class=\"elementor-widget-container\">\n\t\t\t\t\t<h2 class=\"elementor-heading-title elementor-size-default\">Allgemeine Liefer- und Zahlungsbedingungen<\/h2>\t\t\t\t<\/div>\n\t\t\t\t<\/div>\n\t\t\t\t<div class=\"elementor-element elementor-element-f83181e elementor-widget elementor-widget-text-editor\" data-id=\"f83181e\" data-element_type=\"widget\" data-e-type=\"widget\" data-widget_type=\"text-editor.default\">\n\t\t\t\t<div class=\"elementor-widget-container\">\n\t\t\t\t\t\t\t\t\t<section class=\"agb\">\n<p><strong>Stand:<\/strong> Oktober 2023<\/p>\n<h2>I. Vertragsschluss, Geltung sowie Angebote<\/h2>\n<ol>\n<li>Es gelten ausschlie\u00dflich unsere Gesch\u00e4ftsbedingungen sowie gesondert getroffene Vereinbarungen. Sp\u00e4testens mit Annahme der Ware gelten sie als akzeptiert.<\/li>\n<li>Diese Bedingungen gelten f\u00fcr alle gegenw\u00e4rtigen und zuk\u00fcnftigen Vertr\u00e4ge mit Unternehmen und juristischen Personen des \u00f6ffentlichen Rechts. Bei Streckengesch\u00e4ften gelten erg\u00e4nzend die Lieferwerksbedingungen.<\/li>\n<li>Abweichende Bedingungen des Auftraggebers gelten nur, wenn sie ausdr\u00fccklich schriftlich anerkannt wurden.<\/li>\n<li>Unsere Angebote sind unverbindlich. Erst durch unsere schriftliche Best\u00e4tigung wird ein Angebot verbindlich.<\/li>\n<li>Produktinformationen dienen nur zur Beschreibung, nicht als Garantiezusagen.<\/li>\n<li>F\u00fcr Handelsklauseln gelten die jeweils aktuellen Incoterms.<\/li>\n<li>K\u00e4ufer im Sinne dieser Bedingungen ist auch der Besteller bei Werkvertr\u00e4gen.<\/li>\n<\/ol>\n<h2>II. Preise, Fracht, Verpackung<\/h2>\n<ol>\n<li>Preise verstehen sich ab Lager\/Werk zzgl. Verpackung, Fracht, Steuern und ggf. Zoll.<\/li>\n<li>Geb\u00fchren wie Kanal-, Liege- und Ladegelder tr\u00e4gt der K\u00e4ufer.<\/li>\n<li>Bei Kosten\u00e4nderungen nach Vertragsschluss behalten wir uns Preis\u00e4nderungen vor.<\/li>\n<li>Bei Preissteigerung der Aluminium-Rohstoffe (LME) &gt;5 % k\u00f6nnen wir nach vier Wochen entsprechend anpassen.<\/li>\n<\/ol>\n<h2>III. Zahlungsbedingungen, Aufrechnung, Kreditw\u00fcrdigkeit<\/h2>\n<ol>\n<li>Der Kaufpreis ist sofort f\u00e4llig. Skonto nur bei Vereinbarung. Aufrechnung nur bei unbestrittenen Forderungen.<\/li>\n<li>Bei Verzug gelten Verzugszinsen von 8 % \u00fcber dem Basiszins.<\/li>\n<li>Verschlechtert sich die Bonit\u00e4t des K\u00e4ufers, sind wir zur Sicherstellung oder Vertragsr\u00fccktritt berechtigt.<\/li>\n<li>Verzug tritt sp\u00e4testens 10 Tage nach F\u00e4lligkeit ein.<\/li>\n<li>Lieferungen erfolgen nur bei ausreichender Kreditw\u00fcrdigkeit.<\/li>\n<\/ol>\n<p><!-- Ab hier folgen die weiteren Abschnitte identisch aufgebaut ... --><\/p>\n<h2>XIII. Sonstiges<\/h2>\n<ol>\n<li>Ausfuhrnachweise sind zu erbringen \u2013 sonst Umsatzsteuerpflicht.<\/li>\n<li>Innerhalb der EU: USt-ID erforderlich.<\/li>\n<li>Die Produkttauglichkeit ist vom K\u00e4ufer zu pr\u00fcfen.<\/li>\n<li>Teilnichtigkeit ber\u00fchrt \u00fcbrige Bestimmungen nicht. L\u00fccken werden angemessen erg\u00e4nzt.<\/li>\n<\/ol>\n<p><strong>Mejo Metall Josten GmbH &amp; Co. KG<br>Bublitzer Stra\u00dfe 23<br>40599 D\u00fcsseldorf (Germany)<\/strong><\/p>\n<\/section>\t\t\t\t\t\t\t\t<\/div>\n\t\t\t\t<\/div>\n\t\t\t\t<\/div>\n\t\t\t\t\t<\/div>\n\t\t\t\t<\/div>\n\t\t<div class=\"elementor-element elementor-element-1430568 e-flex e-con-boxed e-con e-parent\" data-id=\"1430568\" data-element_type=\"container\" data-e-type=\"container\">\n\t\t\t\t\t<div class=\"e-con-inner\">\n\t\t\t\t<div class=\"elementor-element elementor-element-18877cf elementor-align-center elementor-widget elementor-widget-button\" data-id=\"18877cf\" data-element_type=\"widget\" data-e-type=\"widget\" data-widget_type=\"button.default\">\n\t\t\t\t<div class=\"elementor-widget-container\">\n\t\t\t\t\t\t\t\t\t<div class=\"elementor-button-wrapper\">\n\t\t\t\t\t<a class=\"elementor-button elementor-button-link elementor-size-sm\" href=\"https:\/\/mejo.de\/wp-content\/uploads\/2024\/09\/mejo-unternehmen-agb-2023-de.pdf\" target=\"_blank\" rel=\"noopener\">\n\t\t\t\t\t\t<span class=\"elementor-button-content-wrapper\">\n\t\t\t\t\t\t\t\t\t<span class=\"elementor-button-text\">AGb herunterladen<\/span>\n\t\t\t\t\t<\/span>\n\t\t\t\t\t<\/a>\n\t\t\t\t<\/div>\n\t\t\t\t\t\t\t\t<\/div>\n\t\t\t\t<\/div>\n\t\t\t\t\t<\/div>\n\t\t\t\t<\/div>\n\t\t\t\t<\/div>","protected":false},"excerpt":{"rendered":"<p>Allgemeine Liefer- und Zahlungsbedingungen Stand: Oktober 2023 I. Vertragsschluss, Geltung sowie Angebote Es gelten ausschlie\u00dflich unsere Gesch\u00e4ftsbedingungen sowie gesondert getroffene Vereinbarungen. Sp\u00e4testens mit Annahme der Ware gelten sie als akzeptiert. Diese Bedingungen gelten f\u00fcr alle gegenw\u00e4rtigen und zuk\u00fcnftigen Vertr\u00e4ge mit Unternehmen und juristischen Personen des \u00f6ffentlichen Rechts. Bei Streckengesch\u00e4ften gelten erg\u00e4nzend die Lieferwerksbedingungen. Abweichende Bedingungen [&hellip;]<\/p>\n","protected":false},"author":1,"featured_media":0,"parent":0,"menu_order":0,"comment_status":"closed","ping_status":"closed","template":"","meta":{"footnotes":""},"class_list":["post-14204","page","type-page","status-publish","hentry"],"_links":{"self":[{"href":"https:\/\/mejo.shop\/nl\/wp-json\/wp\/v2\/pages\/14204","targetHints":{"allow":["GET"]}}],"collection":[{"href":"https:\/\/mejo.shop\/nl\/wp-json\/wp\/v2\/pages"}],"about":[{"href":"https:\/\/mejo.shop\/nl\/wp-json\/wp\/v2\/types\/page"}],"author":[{"embeddable":true,"href":"https:\/\/mejo.shop\/nl\/wp-json\/wp\/v2\/users\/1"}],"replies":[{"embeddable":true,"href":"https:\/\/mejo.shop\/nl\/wp-json\/wp\/v2\/comments?post=14204"}],"version-history":[{"count":0,"href":"https:\/\/mejo.shop\/nl\/wp-json\/wp\/v2\/pages\/14204\/revisions"}],"wp:attachment":[{"href":"https:\/\/mejo.shop\/nl\/wp-json\/wp\/v2\/media?parent=14204"}],"curies":[{"name":"wp","href":"https:\/\/api.w.org\/{rel}","templated":true}]}}