{"id":3294,"date":"2024-08-22T12:58:04","date_gmt":"2024-08-22T12:58:04","guid":{"rendered":"https:\/\/mejo.shop\/?page_id=3294"},"modified":"2024-09-26T19:57:39","modified_gmt":"2024-09-26T19:57:39","slug":"impressum","status":"publish","type":"page","link":"https:\/\/mejo.shop\/nl\/impressum\/","title":{"rendered":"Colofon"},"content":{"rendered":"<div data-elementor-type=\"wp-page\" data-elementor-id=\"3294\" class=\"elementor elementor-3294\" data-elementor-post-type=\"page\">\n\t\t\t\t\t\t<section class=\"elementor-section elementor-top-section elementor-element elementor-element-2834d459 elementor-section-height-min-height elementor-section-items-top bg-cross white fullwidth elementor-section-boxed elementor-section-height-default\" data-id=\"2834d459\" data-element_type=\"section\" data-e-type=\"section\" data-settings=\"{&quot;background_background&quot;:&quot;classic&quot;}\">\n\t\t\t\t\t\t\t<div class=\"elementor-background-overlay\"><\/div>\n\t\t\t\t\t\t\t<div class=\"elementor-container elementor-column-gap-default\">\n\t\t\t\t\t<div class=\"elementor-column elementor-col-50 elementor-top-column elementor-element elementor-element-6eb5e9c\" data-id=\"6eb5e9c\" data-element_type=\"column\" data-e-type=\"column\">\n\t\t\t<div class=\"elementor-widget-wrap elementor-element-populated\">\n\t\t\t\t\t\t<div class=\"elementor-element elementor-element-291dddd4 elementor-widget elementor-widget-heading\" data-id=\"291dddd4\" data-element_type=\"widget\" data-e-type=\"widget\" data-widget_type=\"heading.default\">\n\t\t\t\t<div class=\"elementor-widget-container\">\n\t\t\t\t\t<h1 class=\"elementor-heading-title elementor-size-default\">Colofon<\/h1>\t\t\t\t<\/div>\n\t\t\t\t<\/div>\n\t\t\t\t\t<\/div>\n\t\t<\/div>\n\t\t\t\t<div class=\"elementor-column elementor-col-50 elementor-top-column elementor-element elementor-element-2d2f8704\" data-id=\"2d2f8704\" data-element_type=\"column\" data-e-type=\"column\">\n\t\t\t<div class=\"elementor-widget-wrap\">\n\t\t\t\t\t\t\t<\/div>\n\t\t<\/div>\n\t\t\t\t\t<\/div>\n\t\t<\/section>\n\t\t\t\t<section class=\"elementor-section elementor-top-section elementor-element elementor-element-1a8e8b1a elementor-section-boxed elementor-section-height-default elementor-section-height-default\" data-id=\"1a8e8b1a\" data-element_type=\"section\" data-e-type=\"section\">\n\t\t\t\t\t\t<div class=\"elementor-container elementor-column-gap-default\">\n\t\t\t\t\t<div class=\"elementor-column elementor-col-100 elementor-top-column elementor-element elementor-element-36057168\" data-id=\"36057168\" data-element_type=\"column\" data-e-type=\"column\">\n\t\t\t<div class=\"elementor-widget-wrap elementor-element-populated\">\n\t\t\t\t\t\t<div class=\"elementor-element elementor-element-60c84e72 elementor-widget elementor-widget-spacer\" data-id=\"60c84e72\" data-element_type=\"widget\" data-e-type=\"widget\" data-widget_type=\"spacer.default\">\n\t\t\t\t<div class=\"elementor-widget-container\">\n\t\t\t\t\t\t\t<div class=\"elementor-spacer\">\n\t\t\t<div class=\"elementor-spacer-inner\"><\/div>\n\t\t<\/div>\n\t\t\t\t\t\t<\/div>\n\t\t\t\t<\/div>\n\t\t\t\t<div class=\"elementor-element elementor-element-6a364a7f elementor-widget elementor-widget-text-editor\" data-id=\"6a364a7f\" data-element_type=\"widget\" data-e-type=\"widget\" data-widget_type=\"text-editor.default\">\n\t\t\t\t<div class=\"elementor-widget-container\">\n\t\t\t\t\t\t\t\t\t<h3>Gegevens volgens \u00a7 5 van de Duitse Telemediawet:<\/h3>\t\t\t\t\t\t\t\t<\/div>\n\t\t\t\t<\/div>\n\t\t\t\t<div class=\"elementor-element elementor-element-77896518 elementor-widget elementor-widget-text-editor\" data-id=\"77896518\" data-element_type=\"widget\" data-e-type=\"widget\" data-widget_type=\"text-editor.default\">\n\t\t\t\t<div class=\"elementor-widget-container\">\n\t\t\t\t\t\t\t\t\t<table style=\"width: 100%; border-collapse: collapse;\" border=\"1\"><tbody><tr><td style=\"width: 24.0541%; vertical-align: top;\"><p><strong>Verantwoordelijk voor de inhoud<\/strong><\/p><\/td><td style=\"width: 75.9459%; vertical-align: top;\"><p>mejo Aluminium B.V.<\/p><\/td><\/tr><tr><td style=\"width: 24.0541%; vertical-align: top;\"><p><span style=\"color: #333333;\"><strong>Adres<\/strong><\/span><\/p><\/td><td style=\"width: 75.9459%; vertical-align: top;\"><p>Bublitzer Str. 23<br \/>40599 D\u00fcsseldorf (Duitsland)<\/p><\/td><\/tr><tr><td style=\"width: 24.0541%; vertical-align: top;\"><p><span style=\"color: #333333;\"><strong>Telefoon<\/strong><\/span><\/p><\/td><td style=\"width: 75.9459%; vertical-align: top;\"><p>+49 211 998900<\/p><\/td><\/tr><tr><td style=\"width: 24.0541%; vertical-align: top;\"><p><span style=\"color: #333333;\"><strong>E-mail<\/strong><\/span><\/p><\/td><td style=\"width: 75.9459%; vertical-align: top;\"><p>info@mejo.de<\/p><\/td><\/tr><tr><td style=\"width: 24.0541%; vertical-align: top;\"><p><span style=\"color: #333333;\"><strong>Handelsregister<\/strong><\/span><\/p><\/td><td style=\"width: 75.9459%; vertical-align: top;\"><p>Amtsgericht D\u00fcsseldorf HRA 1166<\/p><\/td><\/tr><tr><td style=\"width: 24.0541%; vertical-align: top;\"><p><strong>Contactpersonen<\/strong><\/p><\/td><td style=\"width: 75.9459%; vertical-align: top;\"><p>Stephan A. Josten<\/p><\/td><\/tr><tr><td style=\"width: 24.0541%; vertical-align: top;\"><p><strong>Persoonlijk aansprakelijke vennoot<\/strong><\/p><\/td><td style=\"width: 75.9459%; vertical-align: top;\"><p>mejo Josten Verwaltungs GmbH<\/p><\/td><\/tr><tr><td style=\"width: 24.0541%; vertical-align: top;\"><p><strong>Handelsregister<\/strong><\/p><\/td><td style=\"width: 75.9459%; vertical-align: top;\"><p>Amtsgericht D\u00fcsseldorf HRB36641<\/p><\/td><\/tr><tr><td style=\"width: 24.0541%; vertical-align: top;\"><p><strong>Bedrijfsleider<\/strong><\/p><\/td><td style=\"width: 75.9459%; vertical-align: top;\"><p>Stephan A. Josten<\/p><\/td><\/tr><tr><td style=\"width: 24.0541%; vertical-align: top;\"><p><strong>Btw-nr.<\/strong><\/p><\/td><td style=\"width: 75.9459%; vertical-align: top;\"><p>DE 121286689<\/p><\/td><\/tr><tr><td style=\"width: 24.0541%; vertical-align: top;\"><p><strong>Functionaris voor gegevensbescherming<\/strong><\/p><\/td><td style=\"width: 75.9459%; vertical-align: top;\"><p>Dipl.-Ing. Thorsten Werning<\/p><\/td><\/tr><tr><td style=\"width: 24.0541%; vertical-align: top;\"><p><strong>Contact<\/strong><\/p><\/td><td style=\"width: 75.9459%; vertical-align: top;\"><p>datenschutz@mejo.de<\/p><\/td><\/tr><tr><td style=\"width: 24.0541%; vertical-align: top;\"><p><strong>Branding en webdesign<\/strong><\/p><\/td><td style=\"width: 75.9459%; vertical-align: top;\"><p><a href=\"https:\/\/jos-buero.de\/\" target=\"_blank\" rel=\"noopener\">jo\u2019s b\u00fcro f\u00fcr Gestaltung GmbH<\/a><\/p><\/td><\/tr><\/tbody><\/table>\t\t\t\t\t\t\t\t<\/div>\n\t\t\t\t<\/div>\n\t\t\t\t\t<\/div>\n\t\t<\/div>\n\t\t\t\t\t<\/div>\n\t\t<\/section>\n\t\t\t\t<section class=\"elementor-section elementor-top-section elementor-element elementor-element-680f734d elementor-section-boxed elementor-section-height-default elementor-section-height-default\" data-id=\"680f734d\" data-element_type=\"section\" data-e-type=\"section\">\n\t\t\t\t\t\t<div class=\"elementor-container elementor-column-gap-default\">\n\t\t\t\t\t<div class=\"elementor-column elementor-col-100 elementor-top-column elementor-element elementor-element-626de356\" data-id=\"626de356\" data-element_type=\"column\" data-e-type=\"column\">\n\t\t\t<div class=\"elementor-widget-wrap elementor-element-populated\">\n\t\t\t\t\t\t<div class=\"elementor-element elementor-element-174feff elementor-widget elementor-widget-spacer\" data-id=\"174feff\" data-element_type=\"widget\" data-e-type=\"widget\" data-widget_type=\"spacer.default\">\n\t\t\t\t<div class=\"elementor-widget-container\">\n\t\t\t\t\t\t\t<div class=\"elementor-spacer\">\n\t\t\t<div class=\"elementor-spacer-inner\"><\/div>\n\t\t<\/div>\n\t\t\t\t\t\t<\/div>\n\t\t\t\t<\/div>\n\t\t\t\t\t<\/div>\n\t\t<\/div>\n\t\t\t\t\t<\/div>\n\t\t<\/section>\n\t\t\t\t<section class=\"elementor-section elementor-top-section elementor-element elementor-element-fc8ca78 elementor-section-boxed elementor-section-height-default elementor-section-height-default\" data-id=\"fc8ca78\" data-element_type=\"section\" data-e-type=\"section\">\n\t\t\t\t\t\t<div class=\"elementor-container elementor-column-gap-default\">\n\t\t\t\t\t<div class=\"elementor-column elementor-col-66 elementor-top-column elementor-element elementor-element-31efbc90\" data-id=\"31efbc90\" data-element_type=\"column\" data-e-type=\"column\">\n\t\t\t<div class=\"elementor-widget-wrap elementor-element-populated\">\n\t\t\t\t\t\t<div class=\"elementor-element elementor-element-4c41140b elementor-widget elementor-widget-text-editor\" data-id=\"4c41140b\" data-element_type=\"widget\" data-e-type=\"widget\" data-widget_type=\"text-editor.default\">\n\t\t\t\t<div class=\"elementor-widget-container\">\n\t\t\t\t\t\t\t\t\t<h2>Geschillenbeslechting<\/h2>\t\t\t\t\t\t\t\t<\/div>\n\t\t\t\t<\/div>\n\t\t\t\t<div class=\"elementor-element elementor-element-21be1eb elementor-widget elementor-widget-text-editor\" data-id=\"21be1eb\" data-element_type=\"widget\" data-e-type=\"widget\" data-widget_type=\"text-editor.default\">\n\t\t\t\t<div class=\"elementor-widget-container\">\n\t\t\t\t\t\t\t\t\t<div title=\"Page 1\">De Europese Commissie stelt een platform voor onlinegeschillenbeslechting ter beschikking: <a title=\"Online-Streitbeilegung (OS)\" href=\"https:\/\/ec.europa.eu\/consumers\/odr\" target=\"_blank\" rel=\"noopener noreferrer\">https:\/\/ec.europa.eu\/consumers\/odr https:\/\/ec.europa.eu\/consumers\/odr<\/a><\/div>\t\t\t\t\t\t\t\t<\/div>\n\t\t\t\t<\/div>\n\t\t\t\t<div class=\"elementor-element elementor-element-76aafc2 elementor-widget elementor-widget-text-editor\" data-id=\"76aafc2\" data-element_type=\"widget\" data-e-type=\"widget\" data-widget_type=\"text-editor.default\">\n\t\t\t\t<div class=\"elementor-widget-container\">\n\t\t\t\t\t\t\t\t\t<h2>Aansprakelijk voor inhoud<\/h2>\t\t\t\t\t\t\t\t<\/div>\n\t\t\t\t<\/div>\n\t\t\t\t<div class=\"elementor-element elementor-element-34fafcad elementor-widget elementor-widget-text-editor\" data-id=\"34fafcad\" data-element_type=\"widget\" data-e-type=\"widget\" data-widget_type=\"text-editor.default\">\n\t\t\t\t<div class=\"elementor-widget-container\">\n\t\t\t\t\t\t\t\t\t<div title=\"Page 2\"><div><div><p>Als dienstverlener zijn we overeenkomstig \u00a7 7 lid 1 Duitse Telemediawet volgens de algemene wetgeving verantwoordelijk voor de eigen inhoud op deze pagina's. Volgens \u00a7\u00a7 8 t\/m 10 van de Duitse Telemediawet zijn we er als dienstverlener echter niet toe verplicht om de verstrekte of opgeslagen gegevens van derden te monitoren of onderzoek te doen naar omstandigheden die mogelijk duiden op illegale activiteiten.<\/p><p>Dit laat de verplichtingen tot verwijdering of blokkering van het gebruik van informatie volgens de algemene wetgeving onverlet. Wij zijn in dit opzicht pas aansprakelijk vanaf het moment dat wij op de hoogte zijn van een daadwerkelijke inbreuk. Wij zullen de desbetreffende inhoud in dat geval meteen verwijderen.<\/p><\/div><\/div><\/div>\t\t\t\t\t\t\t\t<\/div>\n\t\t\t\t<\/div>\n\t\t\t\t<div class=\"elementor-element elementor-element-1750d676 elementor-widget elementor-widget-text-editor\" data-id=\"1750d676\" data-element_type=\"widget\" data-e-type=\"widget\" data-widget_type=\"text-editor.default\">\n\t\t\t\t<div class=\"elementor-widget-container\">\n\t\t\t\t\t\t\t\t\t<h2>Auteursrecht<\/h2>\t\t\t\t\t\t\t\t<\/div>\n\t\t\t\t<\/div>\n\t\t\t\t<div class=\"elementor-element elementor-element-1c623e6 elementor-widget elementor-widget-text-editor\" data-id=\"1c623e6\" data-element_type=\"widget\" data-e-type=\"widget\" data-widget_type=\"text-editor.default\">\n\t\t\t\t<div class=\"elementor-widget-container\">\n\t\t\t\t\t\t\t\t\t<div title=\"Page 2\"><p>Het Duitse auteursrecht is van toepassing op inhoud en materiaal op deze pagina's die door de beheerders van de site zijn samengesteld. De vermenigvuldiging, bewerking, verspreiding en elk gebruik ervan buiten het kader van de auteursrechten, is uitsluitend toegestaan indien de auteur of samensteller daarvoor uitdrukkelijk schriftelijke toestemming heeft verleend. Alleen voor persoonlijk, niet-commercieel gebruik is het toegestaan om inhoud van deze website te downloaden of te kopi\u00ebren.<\/p><p>Voor inhoud op deze pagina die niet door de beheerder is gemaakt, wordt het auteursrecht van derden in acht genomen. Door derden opgestelde inhoud wordt daarom specifiek als zodanig aangemerkt. Mocht je toch een auteursrechtelijke inbreuk opmerken, vragen wij je om deze bij ons te melden. Als we een inbreuk constateren, verwijderen we dergelijke inhoud meteen.<\/p><\/div>\t\t\t\t\t\t\t\t<\/div>\n\t\t\t\t<\/div>\n\t\t\t\t<div class=\"elementor-element elementor-element-42cc6fa8 elementor-widget elementor-widget-text-editor\" data-id=\"42cc6fa8\" data-element_type=\"widget\" data-e-type=\"widget\" data-widget_type=\"text-editor.default\">\n\t\t\t\t<div class=\"elementor-widget-container\">\n\t\t\t\t\t\t\t\t\t<h3><strong>Overige informatie:<\/strong><\/h3>\t\t\t\t\t\t\t\t<\/div>\n\t\t\t\t<\/div>\n\t\t\t\t<div class=\"elementor-element elementor-element-1d20d488 elementor-widget elementor-widget-text-editor\" data-id=\"1d20d488\" data-element_type=\"widget\" data-e-type=\"widget\" data-widget_type=\"text-editor.default\">\n\t\t\t\t<div class=\"elementor-widget-container\">\n\t\t\t\t\t\t\t\t\t<div title=\"Page 2\"><p><a title=\"Allgemeine Gesch\u00e4ftsbedingungen\" href=\"https:\/\/www.mejo.de\/agb1\/send\/11-agb\/16-allgemeine-geschaeftsbedingungen.html\" target=\"_blank\" rel=\"noopener noreferrer\">Algemene voorwaarden<\/a><\/p><p><a title=\"EU-Datenschutzerkl\u00e4rung (DSGVO)\" href=\"https:\/\/www.mejo.de\/eu-datenschutzerkl%C3%A4rung-dsgvo.html\" target=\"_blank\" rel=\"noopener noreferrer\">Privacyverklaring<\/a><\/p><\/div>\t\t\t\t\t\t\t\t<\/div>\n\t\t\t\t<\/div>\n\t\t\t\t\t<\/div>\n\t\t<\/div>\n\t\t\t\t<div class=\"elementor-column elementor-col-33 elementor-top-column elementor-element elementor-element-1e51d29f\" data-id=\"1e51d29f\" data-element_type=\"column\" data-e-type=\"column\">\n\t\t\t<div class=\"elementor-widget-wrap\">\n\t\t\t\t\t\t\t<\/div>\n\t\t<\/div>\n\t\t\t\t\t<\/div>\n\t\t<\/section>\n\t\t\t\t<\/div>","protected":false},"excerpt":{"rendered":"<p>Impressum Angaben gema\u0308\u00df \u00a7 5 TMG: Verantwortlich f\u00fcr den Inhalt mejo Metall Josten GmbH &amp; Co. KG Adresse Bublitzer Str. 23D\u201340599 D\u00fcsseldorf Telefon +49 211 998900 E-Mail info@mejo.de Handelsregister Amtsgericht D\u00fcsseldorf HRA 1166 Ansprechpartner Stephan A. Josten Pers. haft. Gesellschafterin mejo Josten Verwaltungs GmbH Handelsregister Amtsgericht D\u00fcsseldorf HRB36641 Gesch\u00e4ftsf\u00fchrer Stephan A. Josten USt.-IdNr. DE 121286689 [&hellip;]<\/p>\n","protected":false},"author":1,"featured_media":0,"parent":0,"menu_order":0,"comment_status":"closed","ping_status":"closed","template":"","meta":{"footnotes":""},"class_list":["post-3294","page","type-page","status-publish","hentry"],"_links":{"self":[{"href":"https:\/\/mejo.shop\/nl\/wp-json\/wp\/v2\/pages\/3294","targetHints":{"allow":["GET"]}}],"collection":[{"href":"https:\/\/mejo.shop\/nl\/wp-json\/wp\/v2\/pages"}],"about":[{"href":"https:\/\/mejo.shop\/nl\/wp-json\/wp\/v2\/types\/page"}],"author":[{"embeddable":true,"href":"https:\/\/mejo.shop\/nl\/wp-json\/wp\/v2\/users\/1"}],"replies":[{"embeddable":true,"href":"https:\/\/mejo.shop\/nl\/wp-json\/wp\/v2\/comments?post=3294"}],"version-history":[{"count":0,"href":"https:\/\/mejo.shop\/nl\/wp-json\/wp\/v2\/pages\/3294\/revisions"}],"wp:attachment":[{"href":"https:\/\/mejo.shop\/nl\/wp-json\/wp\/v2\/media?parent=3294"}],"curies":[{"name":"wp","href":"https:\/\/api.w.org\/{rel}","templated":true}]}}