{"id":3979,"date":"2024-09-11T13:40:07","date_gmt":"2024-09-11T13:40:07","guid":{"rendered":"https:\/\/mejo.shop\/?page_id=3979"},"modified":"2025-03-17T08:57:24","modified_gmt":"2025-03-17T08:57:24","slug":"warenkorb","status":"publish","type":"page","link":"https:\/\/mejo.shop\/nl\/warenkorb\/","title":{"rendered":"Warenkorb"},"content":{"rendered":"<div data-elementor-type=\"wp-page\" data-elementor-id=\"3979\" class=\"elementor elementor-3979\" data-elementor-post-type=\"page\">\n\t\t\t\t\t\t<section class=\"elementor-section elementor-top-section elementor-element elementor-element-21274325 elementor-section-height-min-height elementor-section-items-top fullwidth bg-cross white right-middle elementor-section-boxed elementor-section-height-default\" data-id=\"21274325\" data-element_type=\"section\" data-e-type=\"section\" data-settings=\"{&quot;background_background&quot;:&quot;classic&quot;}\">\n\t\t\t\t\t\t\t<div class=\"elementor-background-overlay\"><\/div>\n\t\t\t\t\t\t\t<div class=\"elementor-container elementor-column-gap-default\">\n\t\t\t\t\t<div class=\"elementor-column elementor-col-50 elementor-top-column elementor-element elementor-element-6f70beda\" data-id=\"6f70beda\" data-element_type=\"column\" data-e-type=\"column\">\n\t\t\t<div class=\"elementor-widget-wrap elementor-element-populated\">\n\t\t\t\t\t\t<div class=\"elementor-element elementor-element-23bd4af2 elementor-widget elementor-widget-heading\" data-id=\"23bd4af2\" data-element_type=\"widget\" data-e-type=\"widget\" data-widget_type=\"heading.default\">\n\t\t\t\t<div class=\"elementor-widget-container\">\n\t\t\t\t\t<h1 class=\"elementor-heading-title elementor-size-default\">Warenkorb<\/h1>\t\t\t\t<\/div>\n\t\t\t\t<\/div>\n\t\t\t\t<section class=\"elementor-section elementor-inner-section elementor-element elementor-element-752ed152 indent elementor-section-boxed elementor-section-height-default elementor-section-height-default\" data-id=\"752ed152\" data-element_type=\"section\" data-e-type=\"section\">\n\t\t\t\t\t\t<div class=\"elementor-container elementor-column-gap-default\">\n\t\t\t\t\t<div class=\"elementor-column elementor-col-100 elementor-inner-column elementor-element elementor-element-7e2f07f5\" data-id=\"7e2f07f5\" data-element_type=\"column\" data-e-type=\"column\">\n\t\t\t<div class=\"elementor-widget-wrap elementor-element-populated\">\n\t\t\t\t\t\t<div class=\"elementor-element elementor-element-8babbdb elementor-widget elementor-widget-heading\" data-id=\"8babbdb\" data-element_type=\"widget\" data-e-type=\"widget\" data-widget_type=\"heading.default\">\n\t\t\t\t<div class=\"elementor-widget-container\">\n\t\t\t\t\t<p class=\"elementor-heading-title elementor-size-default\">Sandwichplatte und Aluminium-Wabenverbundplatte im Leichtbau<\/p>\t\t\t\t<\/div>\n\t\t\t\t<\/div>\n\t\t\t\t\t<\/div>\n\t\t<\/div>\n\t\t\t\t\t<\/div>\n\t\t<\/section>\n\t\t\t\t\t<\/div>\n\t\t<\/div>\n\t\t\t\t<div class=\"elementor-column elementor-col-50 elementor-top-column elementor-element elementor-element-444394da\" data-id=\"444394da\" data-element_type=\"column\" data-e-type=\"column\">\n\t\t\t<div class=\"elementor-widget-wrap\">\n\t\t\t\t\t\t\t<\/div>\n\t\t<\/div>\n\t\t\t\t\t<\/div>\n\t\t<\/section>\n\t\t<div class=\"elementor-element elementor-element-b32c1f3 e-flex e-con-boxed e-con e-parent\" data-id=\"b32c1f3\" data-element_type=\"container\" data-e-type=\"container\">\n\t\t\t\t\t<div class=\"e-con-inner\">\n\t\t\t\t\t<\/div>\n\t\t\t\t<\/div>\n\t\t\t\t<\/div>","protected":false},"excerpt":{"rendered":"<p>Warenkorb Sandwichplatte und Aluminium-Wabenverbundplatte im Leichtbau Artikel entfernen Vorschaubild Produkt Preis Anzahl Zwischensumme &times; ISP6-L63 Bearbeitung: S\u00e4gen 0,00&euro; ISP6-L63 Menge 0,00&euro; &times; NNS 50 Mittelklemme Bearbeitung: ohne Bearbeitung S\u00e4gen Fr\u00e4sen Kantenabschluss: Aluminium T-Profil 0,00&euro; NNS 50 Mittelklemme Menge 0,00&euro; Zwischensumme 0,00&euro; Gesamtsumme 0,00&euro; Weiter zur Anfrage<\/p>","protected":false},"author":1,"featured_media":0,"parent":0,"menu_order":0,"comment_status":"closed","ping_status":"closed","template":"","meta":{"footnotes":""},"class_list":["post-3979","page","type-page","status-publish","hentry"],"_links":{"self":[{"href":"https:\/\/mejo.shop\/nl\/wp-json\/wp\/v2\/pages\/3979","targetHints":{"allow":["GET"]}}],"collection":[{"href":"https:\/\/mejo.shop\/nl\/wp-json\/wp\/v2\/pages"}],"about":[{"href":"https:\/\/mejo.shop\/nl\/wp-json\/wp\/v2\/types\/page"}],"author":[{"embeddable":true,"href":"https:\/\/mejo.shop\/nl\/wp-json\/wp\/v2\/users\/1"}],"replies":[{"embeddable":true,"href":"https:\/\/mejo.shop\/nl\/wp-json\/wp\/v2\/comments?post=3979"}],"version-history":[{"count":0,"href":"https:\/\/mejo.shop\/nl\/wp-json\/wp\/v2\/pages\/3979\/revisions"}],"wp:attachment":[{"href":"https:\/\/mejo.shop\/nl\/wp-json\/wp\/v2\/media?parent=3979"}],"curies":[{"name":"wp","href":"https:\/\/api.w.org\/{rel}","templated":true}]}}